{"id":1741,"date":"2021-09-28T10:13:44","date_gmt":"2021-09-28T10:13:44","guid":{"rendered":"https:\/\/enduroibleo.it\/?page_id=1741"},"modified":"2023-02-11T18:40:40","modified_gmt":"2023-02-11T18:40:40","slug":"il-territorio-ibleo","status":"publish","type":"page","link":"https:\/\/enduroibleo.it\/index.php\/il-territorio-ibleo\/","title":{"rendered":"Il Territorio Ibleo"},"content":{"rendered":"\n<p>Una terra affascinante come la&nbsp;Sicilia&nbsp;ha tanto da offrire, e non solo per gli amanti del mare.<br>Tra le province di Ragusa, Siracusa e Catania si trovano i&nbsp;Monti Iblei, un altopiano montuoso la cui cima pi\u00f9 alta \u00e8 il Monte Lauro, con i suoi 987 metri, ed altre cime note sono il Monte Casale e il Monte Arcibessi.<br>L\u2019andamento dolce dei rilievi, le vallate che interrompono l\u2019altopiano e la variet\u00e0 dei paesaggi che vanno dalla parte centrale di boschi di leccio all\u2019area litoranea con la macchia mediterranea fino a campi chiusi e alle enormi distese di ulivi, carrubi, vigneti ed agrumeti, rendono la zona particolarmente adatta a rilassanti escursioni, alla scoperta di un territorio ancora poco conosciuto.<\/p>\n\n\n\n<div style=\"height:18px\" aria-hidden=\"true\" class=\"wp-block-spacer\"><\/div>\n\n\n\n<figure class=\"wp-block-image size-full\"><img loading=\"lazy\" decoding=\"async\" width=\"1920\" height=\"942\" src=\"https:\/\/enduroibleo.it\/wp-content\/uploads\/2021\/10\/Bannerfoto-001-1.jpg\" alt=\"\" class=\"wp-image-2404\" srcset=\"https:\/\/enduroibleo.it\/wp-content\/uploads\/2021\/10\/Bannerfoto-001-1.jpg 1920w, https:\/\/enduroibleo.it\/wp-content\/uploads\/2021\/10\/Bannerfoto-001-1-600x294.jpg 600w, https:\/\/enduroibleo.it\/wp-content\/uploads\/2021\/10\/Bannerfoto-001-1-300x147.jpg 300w, https:\/\/enduroibleo.it\/wp-content\/uploads\/2021\/10\/Bannerfoto-001-1-1024x502.jpg 1024w, https:\/\/enduroibleo.it\/wp-content\/uploads\/2021\/10\/Bannerfoto-001-1-768x377.jpg 768w, https:\/\/enduroibleo.it\/wp-content\/uploads\/2021\/10\/Bannerfoto-001-1-1536x754.jpg 1536w\" sizes=\"auto, (max-width: 1920px) 100vw, 1920px\" \/><\/figure>\n\n\n\n<p>Il complesso montuoso collinare ibleo forma la cuspide sud-orientale della&nbsp;<strong>Sicilia<\/strong>.<br>I suoi limiti naturali sono segnati a nord dalla piana di Catania, a ovest dal fiume Dirillo (Ragusa) e a est e a sud dal mar Ionio e Mediterraneo.<br>Esso ricade quasi interamente nelle provincie di&nbsp;<strong>Siracusa<\/strong>&nbsp;e&nbsp;<strong>Ragusa<\/strong>.<\/p>\n\n\n\n<div style=\"height:29px\" aria-hidden=\"true\" class=\"wp-block-spacer\"><\/div>\n\n\n\n<figure class=\"wp-block-image size-full\"><img loading=\"lazy\" decoding=\"async\" width=\"1920\" height=\"942\" src=\"https:\/\/enduroibleo.it\/wp-content\/uploads\/2021\/10\/Bannerfoto-004.jpg\" alt=\"\" class=\"wp-image-2406\" srcset=\"https:\/\/enduroibleo.it\/wp-content\/uploads\/2021\/10\/Bannerfoto-004.jpg 1920w, https:\/\/enduroibleo.it\/wp-content\/uploads\/2021\/10\/Bannerfoto-004-600x294.jpg 600w, https:\/\/enduroibleo.it\/wp-content\/uploads\/2021\/10\/Bannerfoto-004-300x147.jpg 300w, https:\/\/enduroibleo.it\/wp-content\/uploads\/2021\/10\/Bannerfoto-004-1024x502.jpg 1024w, https:\/\/enduroibleo.it\/wp-content\/uploads\/2021\/10\/Bannerfoto-004-768x377.jpg 768w, https:\/\/enduroibleo.it\/wp-content\/uploads\/2021\/10\/Bannerfoto-004-1536x754.jpg 1536w\" sizes=\"auto, (max-width: 1920px) 100vw, 1920px\" \/><\/figure>\n\n\n\n<p>Nella porzione settentrionale dell\u2019altopiano, nei pressi della sua punta estrema, ovvero del&nbsp;<strong>Monte Lauro<\/strong>&nbsp;(986 m), affiorano basalti a cuscino di origine vulcanica (<em>pillow lava<\/em>) risultato di espandimenti lavici sottomarini risalenti al Pleistocene e precedenti la formazione dell\u2019Etna.<\/p>\n\n\n\n<div style=\"height:29px\" aria-hidden=\"true\" class=\"wp-block-spacer\"><\/div>\n\n\n\n<figure class=\"wp-block-image size-full\"><img loading=\"lazy\" decoding=\"async\" width=\"1920\" height=\"942\" src=\"https:\/\/enduroibleo.it\/wp-content\/uploads\/2021\/10\/Bannerfoto-003.jpg\" alt=\"\" class=\"wp-image-2409\" srcset=\"https:\/\/enduroibleo.it\/wp-content\/uploads\/2021\/10\/Bannerfoto-003.jpg 1920w, https:\/\/enduroibleo.it\/wp-content\/uploads\/2021\/10\/Bannerfoto-003-600x294.jpg 600w, https:\/\/enduroibleo.it\/wp-content\/uploads\/2021\/10\/Bannerfoto-003-300x147.jpg 300w, https:\/\/enduroibleo.it\/wp-content\/uploads\/2021\/10\/Bannerfoto-003-1024x502.jpg 1024w, https:\/\/enduroibleo.it\/wp-content\/uploads\/2021\/10\/Bannerfoto-003-768x377.jpg 768w, https:\/\/enduroibleo.it\/wp-content\/uploads\/2021\/10\/Bannerfoto-003-1536x754.jpg 1536w\" sizes=\"auto, (max-width: 1920px) 100vw, 1920px\" \/><\/figure>\n\n\n\n<p>La caratteristica del tavolato ibleo \u00e8 quella di essere inciso da vallate e gole a volte con andamento meandriforme scavate dallo scorrere incessante di fiumi e torrenti, espressione tipica dei fenomeni carsici.<br>Dai Monti Iblei hanno origine infatti il fiume&nbsp;<strong>Irminio<\/strong>&nbsp;(che divide l&#8217;altopiano in direzione nord-sud scorrendo tra Modica e Ragusa), il&nbsp;<strong>Dirillo<\/strong>, l&#8217;<strong>Ippari<\/strong>, il&nbsp;<strong>Tellaro<\/strong>, l&#8217;<strong>Anapo<\/strong>, che sfocia in mare nei pressi di Siracusa, ed il fiume<strong>&nbsp;Cassibile<\/strong><\/p>\n\n\n\n<div style=\"height:29px\" aria-hidden=\"true\" class=\"wp-block-spacer\"><\/div>\n\n\n\n<figure class=\"wp-block-image size-full\"><img loading=\"lazy\" decoding=\"async\" width=\"1920\" height=\"942\" src=\"https:\/\/enduroibleo.it\/wp-content\/uploads\/2021\/10\/Bannerfoto-005.jpg\" alt=\"\" class=\"wp-image-2412\" srcset=\"https:\/\/enduroibleo.it\/wp-content\/uploads\/2021\/10\/Bannerfoto-005.jpg 1920w, https:\/\/enduroibleo.it\/wp-content\/uploads\/2021\/10\/Bannerfoto-005-600x294.jpg 600w, https:\/\/enduroibleo.it\/wp-content\/uploads\/2021\/10\/Bannerfoto-005-300x147.jpg 300w, https:\/\/enduroibleo.it\/wp-content\/uploads\/2021\/10\/Bannerfoto-005-1024x502.jpg 1024w, https:\/\/enduroibleo.it\/wp-content\/uploads\/2021\/10\/Bannerfoto-005-768x377.jpg 768w, https:\/\/enduroibleo.it\/wp-content\/uploads\/2021\/10\/Bannerfoto-005-1536x754.jpg 1536w\" sizes=\"auto, (max-width: 1920px) 100vw, 1920px\" \/><\/figure>\n\n\n\n<p>Proprio questi corsi d\u2019acqua hanno avuto un&#8217;importanza fondamentale per la storia dei popolamenti di questo territorio costituendo via di comunicazione tra la costa e l\u2019entroterra, il controllo dei quali \u00e8 stato di primaria importanza per la sopravvivenza e la prosperit\u00e0 delle comunit\u00e0 locali.<\/p>\n\n\n\n<div style=\"height:29px\" aria-hidden=\"true\" class=\"wp-block-spacer\"><\/div>\n\n\n\n<figure class=\"wp-block-image size-full\"><img loading=\"lazy\" decoding=\"async\" width=\"1920\" height=\"942\" src=\"https:\/\/enduroibleo.it\/wp-content\/uploads\/2021\/10\/Bannerfoto-006.jpg\" alt=\"\" class=\"wp-image-2414\" srcset=\"https:\/\/enduroibleo.it\/wp-content\/uploads\/2021\/10\/Bannerfoto-006.jpg 1920w, https:\/\/enduroibleo.it\/wp-content\/uploads\/2021\/10\/Bannerfoto-006-600x294.jpg 600w, https:\/\/enduroibleo.it\/wp-content\/uploads\/2021\/10\/Bannerfoto-006-300x147.jpg 300w, https:\/\/enduroibleo.it\/wp-content\/uploads\/2021\/10\/Bannerfoto-006-1024x502.jpg 1024w, https:\/\/enduroibleo.it\/wp-content\/uploads\/2021\/10\/Bannerfoto-006-768x377.jpg 768w, https:\/\/enduroibleo.it\/wp-content\/uploads\/2021\/10\/Bannerfoto-006-1536x754.jpg 1536w\" sizes=\"auto, (max-width: 1920px) 100vw, 1920px\" \/><\/figure>\n\n\n\n<p>Infine, il panorama \u00e8 reso ancor pi\u00f9 suggestivo dal serpeggiare dei<strong>&nbsp;muretti a secco<\/strong>&nbsp;che delimitano distese di ulivi e carrubi centenari, mandorleti, noceti, vigneti e agrumeti quali segno inequivocabile della presenza dell&#8217;uomo che, nel corso dei secoli, ha trasformato ed utilizzato questo splendido territorio.<br>Infatti, prima dell\u2019arrivo dei Greci, gli Iblei, come del resto tutta la Sicilia, dovevano essere ricchi di foreste<\/p>\n\n\n\n<div style=\"height:29px\" aria-hidden=\"true\" class=\"wp-block-spacer\"><\/div>\n\n\n\n<figure class=\"wp-block-image size-full\"><img loading=\"lazy\" decoding=\"async\" width=\"1920\" height=\"942\" src=\"https:\/\/enduroibleo.it\/wp-content\/uploads\/2021\/10\/Bannerfoto-007.jpg\" alt=\"\" class=\"wp-image-2416\" srcset=\"https:\/\/enduroibleo.it\/wp-content\/uploads\/2021\/10\/Bannerfoto-007.jpg 1920w, https:\/\/enduroibleo.it\/wp-content\/uploads\/2021\/10\/Bannerfoto-007-600x294.jpg 600w, https:\/\/enduroibleo.it\/wp-content\/uploads\/2021\/10\/Bannerfoto-007-300x147.jpg 300w, https:\/\/enduroibleo.it\/wp-content\/uploads\/2021\/10\/Bannerfoto-007-1024x502.jpg 1024w, https:\/\/enduroibleo.it\/wp-content\/uploads\/2021\/10\/Bannerfoto-007-768x377.jpg 768w, https:\/\/enduroibleo.it\/wp-content\/uploads\/2021\/10\/Bannerfoto-007-1536x754.jpg 1536w\" sizes=\"auto, (max-width: 1920px) 100vw, 1920px\" \/><\/figure>\n\n\n\n<figure class=\"wp-block-image size-large\"><img loading=\"lazy\" decoding=\"async\" width=\"1024\" height=\"160\" src=\"https:\/\/enduroibleo.it\/wp-content\/uploads\/2023\/02\/Sponsor-CILIA-banner-1024x160.jpg\" alt=\"\" class=\"wp-image-6077\" srcset=\"https:\/\/enduroibleo.it\/wp-content\/uploads\/2023\/02\/Sponsor-CILIA-banner-1024x160.jpg 1024w, https:\/\/enduroibleo.it\/wp-content\/uploads\/2023\/02\/Sponsor-CILIA-banner-300x47.jpg 300w, https:\/\/enduroibleo.it\/wp-content\/uploads\/2023\/02\/Sponsor-CILIA-banner-768x120.jpg 768w, https:\/\/enduroibleo.it\/wp-content\/uploads\/2023\/02\/Sponsor-CILIA-banner-1536x240.jpg 1536w, https:\/\/enduroibleo.it\/wp-content\/uploads\/2023\/02\/Sponsor-CILIA-banner-1320x206.jpg 1320w, https:\/\/enduroibleo.it\/wp-content\/uploads\/2023\/02\/Sponsor-CILIA-banner-600x94.jpg 600w, https:\/\/enduroibleo.it\/wp-content\/uploads\/2023\/02\/Sponsor-CILIA-banner-190x30.jpg 190w, https:\/\/enduroibleo.it\/wp-content\/uploads\/2023\/02\/Sponsor-CILIA-banner-576x90.jpg 576w, https:\/\/enduroibleo.it\/wp-content\/uploads\/2023\/02\/Sponsor-CILIA-banner.jpg 1920w\" sizes=\"auto, (max-width: 1024px) 100vw, 1024px\" \/><\/figure>\n","protected":false},"excerpt":{"rendered":"<p>Una terra affascinante come la&nbsp;Sicilia&nbsp;ha tanto da offrire, e non solo per gli amanti del mare.Tra le province di Ragusa, Siracusa e Catania si trovano i&nbsp;Monti Iblei, un altopiano montuoso la cui cima pi\u00f9 alta \u00e8 il Monte Lauro, con i suoi 987 metri, ed altre cime note sono il Monte Casale e il Monte [&hellip;]<\/p>\n","protected":false},"author":3,"featured_media":4097,"parent":0,"menu_order":0,"comment_status":"open","ping_status":"closed","template":"","meta":{"footnotes":""},"class_list":["post-1741","page","type-page","status-publish","has-post-thumbnail","hentry"],"yoast_head":"<!-- This site is optimized with the Yoast SEO plugin v27.5 - https:\/\/yoast.com\/product\/yoast-seo-wordpress\/ -->\n<title>Il Territorio Ibleo - EnduroIbleo<\/title>\n<meta name=\"robots\" content=\"index, follow, max-snippet:-1, max-image-preview:large, max-video-preview:-1\" \/>\n<link rel=\"canonical\" href=\"https:\/\/enduroibleo.it\/index.php\/il-territorio-ibleo\/\" \/>\n<meta property=\"og:locale\" content=\"it_IT\" \/>\n<meta property=\"og:type\" content=\"article\" \/>\n<meta property=\"og:title\" content=\"Il Territorio Ibleo - EnduroIbleo\" \/>\n<meta property=\"og:description\" content=\"Una terra affascinante come la&nbsp;Sicilia&nbsp;ha tanto da offrire, e non solo per gli amanti del mare.Tra le province di Ragusa, Siracusa e Catania si trovano i&nbsp;Monti Iblei, un altopiano montuoso la cui cima pi\u00f9 alta \u00e8 il Monte Lauro, con i suoi 987 metri, ed altre cime note sono il Monte Casale e il Monte [&hellip;]\" \/>\n<meta property=\"og:url\" content=\"https:\/\/enduroibleo.it\/index.php\/il-territorio-ibleo\/\" \/>\n<meta property=\"og:site_name\" content=\"EnduroIbleo\" \/>\n<meta property=\"article:modified_time\" content=\"2023-02-11T18:40:40+00:00\" \/>\n<meta property=\"og:image\" content=\"https:\/\/enduroibleo.it\/wp-content\/uploads\/2021\/10\/20210106_143918.jpg\" \/>\n\t<meta property=\"og:image:width\" content=\"1920\" \/>\n\t<meta property=\"og:image:height\" content=\"653\" \/>\n\t<meta property=\"og:image:type\" content=\"image\/jpeg\" \/>\n<meta name=\"twitter:card\" content=\"summary_large_image\" \/>\n<meta name=\"twitter:label1\" content=\"Tempo di lettura stimato\" \/>\n\t<meta name=\"twitter:data1\" content=\"4 minuti\" \/>\n<script type=\"application\/ld+json\" class=\"yoast-schema-graph\">{\"@context\":\"https:\\\/\\\/schema.org\",\"@graph\":[{\"@type\":\"WebPage\",\"@id\":\"https:\\\/\\\/enduroibleo.it\\\/index.php\\\/il-territorio-ibleo\\\/\",\"url\":\"https:\\\/\\\/enduroibleo.it\\\/index.php\\\/il-territorio-ibleo\\\/\",\"name\":\"Il Territorio Ibleo - EnduroIbleo\",\"isPartOf\":{\"@id\":\"https:\\\/\\\/enduroibleo.it\\\/#website\"},\"primaryImageOfPage\":{\"@id\":\"https:\\\/\\\/enduroibleo.it\\\/index.php\\\/il-territorio-ibleo\\\/#primaryimage\"},\"image\":{\"@id\":\"https:\\\/\\\/enduroibleo.it\\\/index.php\\\/il-territorio-ibleo\\\/#primaryimage\"},\"thumbnailUrl\":\"https:\\\/\\\/enduroibleo.it\\\/wp-content\\\/uploads\\\/2021\\\/10\\\/20210106_143918.jpg\",\"datePublished\":\"2021-09-28T10:13:44+00:00\",\"dateModified\":\"2023-02-11T18:40:40+00:00\",\"breadcrumb\":{\"@id\":\"https:\\\/\\\/enduroibleo.it\\\/index.php\\\/il-territorio-ibleo\\\/#breadcrumb\"},\"inLanguage\":\"it-IT\",\"potentialAction\":[{\"@type\":\"ReadAction\",\"target\":[\"https:\\\/\\\/enduroibleo.it\\\/index.php\\\/il-territorio-ibleo\\\/\"]}]},{\"@type\":\"ImageObject\",\"inLanguage\":\"it-IT\",\"@id\":\"https:\\\/\\\/enduroibleo.it\\\/index.php\\\/il-territorio-ibleo\\\/#primaryimage\",\"url\":\"https:\\\/\\\/enduroibleo.it\\\/wp-content\\\/uploads\\\/2021\\\/10\\\/20210106_143918.jpg\",\"contentUrl\":\"https:\\\/\\\/enduroibleo.it\\\/wp-content\\\/uploads\\\/2021\\\/10\\\/20210106_143918.jpg\",\"width\":1920,\"height\":653},{\"@type\":\"BreadcrumbList\",\"@id\":\"https:\\\/\\\/enduroibleo.it\\\/index.php\\\/il-territorio-ibleo\\\/#breadcrumb\",\"itemListElement\":[{\"@type\":\"ListItem\",\"position\":1,\"name\":\"Home\",\"item\":\"https:\\\/\\\/enduroibleo.it\\\/\"},{\"@type\":\"ListItem\",\"position\":2,\"name\":\"Il Territorio Ibleo\"}]},{\"@type\":\"WebSite\",\"@id\":\"https:\\\/\\\/enduroibleo.it\\\/#website\",\"url\":\"https:\\\/\\\/enduroibleo.it\\\/\",\"name\":\"EnduroIbleo\",\"description\":\"\",\"publisher\":{\"@id\":\"https:\\\/\\\/enduroibleo.it\\\/#organization\"},\"potentialAction\":[{\"@type\":\"SearchAction\",\"target\":{\"@type\":\"EntryPoint\",\"urlTemplate\":\"https:\\\/\\\/enduroibleo.it\\\/?s={search_term_string}\"},\"query-input\":{\"@type\":\"PropertyValueSpecification\",\"valueRequired\":true,\"valueName\":\"search_term_string\"}}],\"inLanguage\":\"it-IT\"},{\"@type\":\"Organization\",\"@id\":\"https:\\\/\\\/enduroibleo.it\\\/#organization\",\"name\":\"EnduroIbleo\",\"url\":\"https:\\\/\\\/enduroibleo.it\\\/\",\"logo\":{\"@type\":\"ImageObject\",\"inLanguage\":\"it-IT\",\"@id\":\"https:\\\/\\\/enduroibleo.it\\\/#\\\/schema\\\/logo\\\/image\\\/\",\"url\":\"https:\\\/\\\/enduroibleo.it\\\/wp-content\\\/uploads\\\/2021\\\/09\\\/enduro-ibleo.png\",\"contentUrl\":\"https:\\\/\\\/enduroibleo.it\\\/wp-content\\\/uploads\\\/2021\\\/09\\\/enduro-ibleo.png\",\"width\":1562,\"height\":163,\"caption\":\"EnduroIbleo\"},\"image\":{\"@id\":\"https:\\\/\\\/enduroibleo.it\\\/#\\\/schema\\\/logo\\\/image\\\/\"}}]}<\/script>\n<!-- \/ Yoast SEO plugin. -->","yoast_head_json":{"title":"Il Territorio Ibleo - EnduroIbleo","robots":{"index":"index","follow":"follow","max-snippet":"max-snippet:-1","max-image-preview":"max-image-preview:large","max-video-preview":"max-video-preview:-1"},"canonical":"https:\/\/enduroibleo.it\/index.php\/il-territorio-ibleo\/","og_locale":"it_IT","og_type":"article","og_title":"Il Territorio Ibleo - EnduroIbleo","og_description":"Una terra affascinante come la&nbsp;Sicilia&nbsp;ha tanto da offrire, e non solo per gli amanti del mare.Tra le province di Ragusa, Siracusa e Catania si trovano i&nbsp;Monti Iblei, un altopiano montuoso la cui cima pi\u00f9 alta \u00e8 il Monte Lauro, con i suoi 987 metri, ed altre cime note sono il Monte Casale e il Monte [&hellip;]","og_url":"https:\/\/enduroibleo.it\/index.php\/il-territorio-ibleo\/","og_site_name":"EnduroIbleo","article_modified_time":"2023-02-11T18:40:40+00:00","og_image":[{"width":1920,"height":653,"url":"https:\/\/enduroibleo.it\/wp-content\/uploads\/2021\/10\/20210106_143918.jpg","type":"image\/jpeg"}],"twitter_card":"summary_large_image","twitter_misc":{"Tempo di lettura stimato":"4 minuti"},"schema":{"@context":"https:\/\/schema.org","@graph":[{"@type":"WebPage","@id":"https:\/\/enduroibleo.it\/index.php\/il-territorio-ibleo\/","url":"https:\/\/enduroibleo.it\/index.php\/il-territorio-ibleo\/","name":"Il Territorio Ibleo - EnduroIbleo","isPartOf":{"@id":"https:\/\/enduroibleo.it\/#website"},"primaryImageOfPage":{"@id":"https:\/\/enduroibleo.it\/index.php\/il-territorio-ibleo\/#primaryimage"},"image":{"@id":"https:\/\/enduroibleo.it\/index.php\/il-territorio-ibleo\/#primaryimage"},"thumbnailUrl":"https:\/\/enduroibleo.it\/wp-content\/uploads\/2021\/10\/20210106_143918.jpg","datePublished":"2021-09-28T10:13:44+00:00","dateModified":"2023-02-11T18:40:40+00:00","breadcrumb":{"@id":"https:\/\/enduroibleo.it\/index.php\/il-territorio-ibleo\/#breadcrumb"},"inLanguage":"it-IT","potentialAction":[{"@type":"ReadAction","target":["https:\/\/enduroibleo.it\/index.php\/il-territorio-ibleo\/"]}]},{"@type":"ImageObject","inLanguage":"it-IT","@id":"https:\/\/enduroibleo.it\/index.php\/il-territorio-ibleo\/#primaryimage","url":"https:\/\/enduroibleo.it\/wp-content\/uploads\/2021\/10\/20210106_143918.jpg","contentUrl":"https:\/\/enduroibleo.it\/wp-content\/uploads\/2021\/10\/20210106_143918.jpg","width":1920,"height":653},{"@type":"BreadcrumbList","@id":"https:\/\/enduroibleo.it\/index.php\/il-territorio-ibleo\/#breadcrumb","itemListElement":[{"@type":"ListItem","position":1,"name":"Home","item":"https:\/\/enduroibleo.it\/"},{"@type":"ListItem","position":2,"name":"Il Territorio Ibleo"}]},{"@type":"WebSite","@id":"https:\/\/enduroibleo.it\/#website","url":"https:\/\/enduroibleo.it\/","name":"EnduroIbleo","description":"","publisher":{"@id":"https:\/\/enduroibleo.it\/#organization"},"potentialAction":[{"@type":"SearchAction","target":{"@type":"EntryPoint","urlTemplate":"https:\/\/enduroibleo.it\/?s={search_term_string}"},"query-input":{"@type":"PropertyValueSpecification","valueRequired":true,"valueName":"search_term_string"}}],"inLanguage":"it-IT"},{"@type":"Organization","@id":"https:\/\/enduroibleo.it\/#organization","name":"EnduroIbleo","url":"https:\/\/enduroibleo.it\/","logo":{"@type":"ImageObject","inLanguage":"it-IT","@id":"https:\/\/enduroibleo.it\/#\/schema\/logo\/image\/","url":"https:\/\/enduroibleo.it\/wp-content\/uploads\/2021\/09\/enduro-ibleo.png","contentUrl":"https:\/\/enduroibleo.it\/wp-content\/uploads\/2021\/09\/enduro-ibleo.png","width":1562,"height":163,"caption":"EnduroIbleo"},"image":{"@id":"https:\/\/enduroibleo.it\/#\/schema\/logo\/image\/"}}]}},"_links":{"self":[{"href":"https:\/\/enduroibleo.it\/index.php\/wp-json\/wp\/v2\/pages\/1741","targetHints":{"allow":["GET"]}}],"collection":[{"href":"https:\/\/enduroibleo.it\/index.php\/wp-json\/wp\/v2\/pages"}],"about":[{"href":"https:\/\/enduroibleo.it\/index.php\/wp-json\/wp\/v2\/types\/page"}],"author":[{"embeddable":true,"href":"https:\/\/enduroibleo.it\/index.php\/wp-json\/wp\/v2\/users\/3"}],"replies":[{"embeddable":true,"href":"https:\/\/enduroibleo.it\/index.php\/wp-json\/wp\/v2\/comments?post=1741"}],"version-history":[{"count":42,"href":"https:\/\/enduroibleo.it\/index.php\/wp-json\/wp\/v2\/pages\/1741\/revisions"}],"predecessor-version":[{"id":6090,"href":"https:\/\/enduroibleo.it\/index.php\/wp-json\/wp\/v2\/pages\/1741\/revisions\/6090"}],"wp:featuredmedia":[{"embeddable":true,"href":"https:\/\/enduroibleo.it\/index.php\/wp-json\/wp\/v2\/media\/4097"}],"wp:attachment":[{"href":"https:\/\/enduroibleo.it\/index.php\/wp-json\/wp\/v2\/media?parent=1741"}],"curies":[{"name":"wp","href":"https:\/\/api.w.org\/{rel}","templated":true}]}}